{"id":13,"date":"2026-03-17T10:32:16","date_gmt":"2026-03-17T10:32:16","guid":{"rendered":"https:\/\/construchensfixglow.rkinformatika.online\/?page_id=13"},"modified":"2026-03-18T09:22:47","modified_gmt":"2026-03-18T09:22:47","slug":"inicio","status":"publish","type":"page","link":"https:\/\/construchensfixglow.com\/en\/","title":{"rendered":"Home"},"content":{"rendered":"<div data-elementor-type=\"wp-page\" data-elementor-id=\"13\" class=\"elementor elementor-13\" data-elementor-post-type=\"page\">\n\t\t\t\t<div class=\"elementor-element elementor-element-769eff5 e-flex e-con-boxed e-con e-parent\" data-id=\"769eff5\" data-element_type=\"container\" data-e-type=\"container\" data-settings=\"{&quot;background_background&quot;:&quot;classic&quot;}\">\n\t\t\t\t\t<div class=\"e-con-inner\">\n\t\t\t\t<div class=\"elementor-element elementor-element-dfdf762 elementor-headline--style-highlight elementor-widget elementor-widget-animated-headline\" data-id=\"dfdf762\" data-element_type=\"widget\" data-e-type=\"widget\" data-settings=\"{&quot;marker&quot;:&quot;double_underline&quot;,&quot;highlighted_text&quot;:&quot;Chens FixGlow S.L.&quot;,&quot;highlight_animation_duration&quot;:2200,&quot;headline_style&quot;:&quot;highlight&quot;}\" data-widget_type=\"animated-headline.default\">\n\t\t\t\t\t\t\t<h3 class=\"elementor-headline\">\n\t\t\t\t<span class=\"elementor-headline-dynamic-wrapper elementor-headline-text-wrapper\">\n\t\t\t\t\t<span class=\"elementor-headline-dynamic-text elementor-headline-text-active\">Chens FixGlow S.L.<\/span>\n\t\t\t\t<\/span>\n\t\t\t\t<\/h3>\n\t\t\t\t\t\t<\/div>\n\t\t\t\t<div class=\"elementor-element elementor-element-22c9d66 elementor-widget elementor-widget-text-editor\" data-id=\"22c9d66\" data-element_type=\"widget\" data-e-type=\"widget\" data-widget_type=\"text-editor.default\">\n\t\t\t\t\t\t\t\t\t<p>Specialists in ceramic repair, countertops, bathrooms and general renovations.<\/p>\t\t\t\t\t\t\t\t<\/div>\n\t\t\t\t\t<\/div>\n\t\t\t\t<\/div>\n\t\t<div class=\"elementor-element elementor-element-6e34889 elementor-hidden-tablet e-flex e-con-boxed e-con e-parent\" data-id=\"6e34889\" data-element_type=\"container\" data-e-type=\"container\">\n\t\t\t\t\t<div class=\"e-con-inner\">\n\t\t<div class=\"elementor-element elementor-element-c15d828 e-con-full animated-slow e-flex elementor-invisible e-con e-child\" data-id=\"c15d828\" data-element_type=\"container\" data-e-type=\"container\" data-settings=\"{&quot;animation&quot;:&quot;fadeInDown&quot;}\">\n\t\t<div class=\"elementor-element elementor-element-b453b4f e-con-full e-flex elementor-invisible e-con e-child\" data-id=\"b453b4f\" data-element_type=\"container\" data-e-type=\"container\" data-settings=\"{&quot;background_background&quot;:&quot;classic&quot;,&quot;animation&quot;:&quot;fadeInDown&quot;}\">\n\t\t\t\t<div class=\"elementor-element elementor-element-52e70cd elementor-widget elementor-widget-image\" data-id=\"52e70cd\" data-element_type=\"widget\" data-e-type=\"widget\" data-widget_type=\"image.default\">\n\t\t\t\t\t\t\t\t\t\t\t\t\t\t\t<img fetchpriority=\"high\" decoding=\"async\" width=\"800\" height=\"600\" src=\"https:\/\/construchensfixglow.com\/wp-content\/uploads\/2026\/03\/48c2bd54041ce28ed19b2093740c6175-David-Chen-1024x768.jpeg\" class=\"attachment-large size-large wp-image-168\" alt=\"\" srcset=\"https:\/\/construchensfixglow.com\/wp-content\/uploads\/2026\/03\/48c2bd54041ce28ed19b2093740c6175-David-Chen-1024x768.jpeg 1024w, https:\/\/construchensfixglow.com\/wp-content\/uploads\/2026\/03\/48c2bd54041ce28ed19b2093740c6175-David-Chen-300x225.jpeg 300w, https:\/\/construchensfixglow.com\/wp-content\/uploads\/2026\/03\/48c2bd54041ce28ed19b2093740c6175-David-Chen-768x576.jpeg 768w, https:\/\/construchensfixglow.com\/wp-content\/uploads\/2026\/03\/48c2bd54041ce28ed19b2093740c6175-David-Chen-1536x1152.jpeg 1536w, https:\/\/construchensfixglow.com\/wp-content\/uploads\/2026\/03\/48c2bd54041ce28ed19b2093740c6175-David-Chen-16x12.jpeg 16w, https:\/\/construchensfixglow.com\/wp-content\/uploads\/2026\/03\/48c2bd54041ce28ed19b2093740c6175-David-Chen.jpeg 1702w\" sizes=\"(max-width: 800px) 100vw, 800px\" \/>\t\t\t\t\t\t\t\t\t\t\t\t\t\t\t<\/div>\n\t\t\t\t<\/div>\n\t\t<div class=\"elementor-element elementor-element-47cc329 e-con-full e-flex e-con e-child\" data-id=\"47cc329\" data-element_type=\"container\" data-e-type=\"container\" data-settings=\"{&quot;background_background&quot;:&quot;classic&quot;}\">\n\t\t\t\t<div class=\"elementor-element elementor-element-b5d428c elementor-widget elementor-widget-heading\" data-id=\"b5d428c\" data-element_type=\"widget\" data-e-type=\"widget\" data-widget_type=\"heading.default\">\n\t\t\t\t\t<h2 class=\"elementor-heading-title elementor-size-default\">Our history<\/h2>\t\t\t\t<\/div>\n\t\t\t\t<div class=\"elementor-element elementor-element-56233bd elementor-widget elementor-widget-text-editor\" data-id=\"56233bd\" data-element_type=\"widget\" data-e-type=\"widget\" data-widget_type=\"text-editor.default\">\n\t\t\t\t\t\t\t\t\t<p data-start=\"101\" data-end=\"532\">At Chensfixglow Construchen, we are a family business with years of experience in the construction and home repair sector. We were founded with the aim of offering a personalized, professional, and high-quality service, focused on meeting the real needs of each client. Over time, we have worked on all types of projects, from small repairs to complete renovations of bathrooms, kitchens, and finishes.<\/p><p data-start=\"534\" data-end=\"902\">We specialize in working with ceramics, countertops, shower trays, bathtubs, sinks, wood, and aluminum, always paying attention to every detail to guarantee lasting results. Our philosophy is based on responsibility, punctuality, and commitment, treating each project as if it were our own and growing every day thanks to the trust of our clients.<\/p>\t\t\t\t\t\t\t\t<\/div>\n\t\t\t\t<\/div>\n\t\t\t\t<\/div>\n\t\t\t\t\t<\/div>\n\t\t\t\t<\/div>\n\t\t<div class=\"elementor-element elementor-element-c4063dd elementor-hidden-desktop elementor-hidden-mobile e-flex e-con-boxed e-con e-parent\" data-id=\"c4063dd\" data-element_type=\"container\" data-e-type=\"container\">\n\t\t\t\t\t<div class=\"e-con-inner\">\n\t\t<div class=\"elementor-element elementor-element-26df9b5 e-con-full e-flex e-con e-child\" data-id=\"26df9b5\" data-element_type=\"container\" data-e-type=\"container\">\n\t\t<div class=\"elementor-element elementor-element-c78fcd6 e-con-full e-flex e-con e-child\" data-id=\"c78fcd6\" data-element_type=\"container\" data-e-type=\"container\" data-settings=\"{&quot;background_background&quot;:&quot;classic&quot;}\">\n\t\t\t\t<div class=\"elementor-element elementor-element-60cbb02 elementor-widget elementor-widget-image\" data-id=\"60cbb02\" data-element_type=\"widget\" data-e-type=\"widget\" data-widget_type=\"image.default\">\n\t\t\t\t\t\t\t\t\t\t\t\t\t\t\t<img fetchpriority=\"high\" decoding=\"async\" width=\"800\" height=\"600\" src=\"https:\/\/construchensfixglow.com\/wp-content\/uploads\/2026\/03\/48c2bd54041ce28ed19b2093740c6175-David-Chen-1024x768.jpeg\" class=\"attachment-large size-large wp-image-168\" alt=\"\" srcset=\"https:\/\/construchensfixglow.com\/wp-content\/uploads\/2026\/03\/48c2bd54041ce28ed19b2093740c6175-David-Chen-1024x768.jpeg 1024w, https:\/\/construchensfixglow.com\/wp-content\/uploads\/2026\/03\/48c2bd54041ce28ed19b2093740c6175-David-Chen-300x225.jpeg 300w, https:\/\/construchensfixglow.com\/wp-content\/uploads\/2026\/03\/48c2bd54041ce28ed19b2093740c6175-David-Chen-768x576.jpeg 768w, https:\/\/construchensfixglow.com\/wp-content\/uploads\/2026\/03\/48c2bd54041ce28ed19b2093740c6175-David-Chen-1536x1152.jpeg 1536w, https:\/\/construchensfixglow.com\/wp-content\/uploads\/2026\/03\/48c2bd54041ce28ed19b2093740c6175-David-Chen-16x12.jpeg 16w, https:\/\/construchensfixglow.com\/wp-content\/uploads\/2026\/03\/48c2bd54041ce28ed19b2093740c6175-David-Chen.jpeg 1702w\" sizes=\"(max-width: 800px) 100vw, 800px\" \/>\t\t\t\t\t\t\t\t\t\t\t\t\t\t\t<\/div>\n\t\t\t\t<div class=\"elementor-element elementor-element-22202f6 elementor-widget elementor-widget-heading\" data-id=\"22202f6\" data-element_type=\"widget\" data-e-type=\"widget\" data-widget_type=\"heading.default\">\n\t\t\t\t\t<h2 class=\"elementor-heading-title elementor-size-default\">Our history<\/h2>\t\t\t\t<\/div>\n\t\t\t\t<div class=\"elementor-element elementor-element-1889597 elementor-widget elementor-widget-text-editor\" data-id=\"1889597\" data-element_type=\"widget\" data-e-type=\"widget\" data-widget_type=\"text-editor.default\">\n\t\t\t\t\t\t\t\t\t<p data-start=\"101\" data-end=\"532\">At Chensfixglow Construchen, we are a family business with years of experience in the construction and home repair sector. We were founded with the aim of offering a personalized, professional, and high-quality service, focused on meeting the real needs of each client. Over time, we have worked on all types of projects, from small repairs to complete renovations of bathrooms, kitchens, and finishes.<\/p><p data-start=\"534\" data-end=\"902\">We specialize in working with ceramics, countertops, shower trays, bathtubs, sinks, wood, and aluminum, always paying attention to every detail to guarantee lasting results. Our philosophy is based on responsibility, punctuality, and commitment, treating each project as if it were our own and growing every day thanks to the trust of our clients.<\/p>\t\t\t\t\t\t\t\t<\/div>\n\t\t\t\t<\/div>\n\t\t\t\t<\/div>\n\t\t\t\t\t<\/div>\n\t\t\t\t<\/div>\n\t\t<div class=\"elementor-element elementor-element-2471271 e-flex e-con-boxed e-con e-parent\" data-id=\"2471271\" data-element_type=\"container\" data-e-type=\"container\" data-settings=\"{&quot;background_background&quot;:&quot;classic&quot;}\">\n\t\t\t\t\t<div class=\"e-con-inner\">\n\t\t<div class=\"elementor-element elementor-element-2af2e37 e-con-full e-flex e-con e-child\" data-id=\"2af2e37\" data-element_type=\"container\" data-e-type=\"container\" data-settings=\"{&quot;background_background&quot;:&quot;classic&quot;}\">\n\t\t\t\t<div class=\"elementor-element elementor-element-059be1f elementor-widget elementor-widget-heading\" data-id=\"059be1f\" data-element_type=\"widget\" data-e-type=\"widget\" data-widget_type=\"heading.default\">\n\t\t\t\t\t<h2 class=\"elementor-heading-title elementor-size-default\">Discover everything we can do for your home<\/h2>\t\t\t\t<\/div>\n\t\t\t\t<div class=\"elementor-element elementor-element-a7b5986 elementor-widget elementor-widget-button\" data-id=\"a7b5986\" data-element_type=\"widget\" data-e-type=\"widget\" data-widget_type=\"button.default\">\n\t\t\t\t\t\t\t\t\t\t<a class=\"elementor-button elementor-button-link elementor-size-sm\" href=\"\/en\/servicios\/\">\n\t\t\t\t\t\t<span class=\"elementor-button-content-wrapper\">\n\t\t\t\t\t\t\t\t\t<span class=\"elementor-button-text\">Services<\/span>\n\t\t\t\t\t<\/span>\n\t\t\t\t\t<\/a>\n\t\t\t\t\t\t\t\t<\/div>\n\t\t\t\t<\/div>\n\t\t\t\t\t<\/div>\n\t\t\t\t<\/div>\n\t\t\t\t<\/div>","protected":false},"excerpt":{"rendered":"<p>Chens FixGlow S.L. Especialistas en reparaci\u00f3n de cer\u00e1mica, encimeras, ba\u00f1os y reformas en general. Nuestra historia En Chensfixglow Construchen somos una empresa familiar con a\u00f1os de experiencia en el sector de la construcci\u00f3n y las reparaciones del hogar. Nacimos con el objetivo de ofrecer un servicio cercano, profesional y de calidad, centrado en resolver las [&hellip;]<\/p>\n","protected":false},"author":1,"featured_media":0,"parent":0,"menu_order":0,"comment_status":"closed","ping_status":"closed","template":"elementor_canvas","meta":{"footnotes":""},"class_list":["post-13","page","type-page","status-publish","hentry"],"yoast_head":"<!-- This site is optimized with the Yoast SEO plugin v27.5 - https:\/\/yoast.com\/product\/yoast-seo-wordpress\/ -->\n<title>Inicio - Chens FixGlow S.L.<\/title>\n<meta name=\"robots\" content=\"index, follow, max-snippet:-1, max-image-preview:large, max-video-preview:-1\" \/>\n<link rel=\"canonical\" href=\"https:\/\/construchensfixglow.com\/en\/\" \/>\n<meta property=\"og:locale\" content=\"en_GB\" \/>\n<meta property=\"og:type\" content=\"article\" \/>\n<meta property=\"og:title\" content=\"Inicio - Chens FixGlow S.L.\" \/>\n<meta property=\"og:description\" content=\"Chens FixGlow S.L. Especialistas en reparaci\u00f3n de cer\u00e1mica, encimeras, ba\u00f1os y reformas en general. Nuestra historia En Chensfixglow Construchen somos una empresa familiar con a\u00f1os de experiencia en el sector de la construcci\u00f3n y las reparaciones del hogar. Nacimos con el objetivo de ofrecer un servicio cercano, profesional y de calidad, centrado en resolver las [&hellip;]\" \/>\n<meta property=\"og:url\" content=\"https:\/\/construchensfixglow.com\/en\/\" \/>\n<meta property=\"og:site_name\" content=\"Chens FixGlow S.L.\" \/>\n<meta property=\"article:modified_time\" content=\"2026-03-18T09:22:47+00:00\" \/>\n<meta property=\"og:image\" content=\"https:\/\/construchensfixglow.com\/wp-content\/uploads\/2026\/03\/48c2bd54041ce28ed19b2093740c6175-David-Chen-1024x768.jpeg\" \/>\n<meta name=\"twitter:card\" content=\"summary_large_image\" \/>\n<meta name=\"twitter:label1\" content=\"Estimated reading time\" \/>\n\t<meta name=\"twitter:data1\" content=\"2 minutes\" \/>\n<script type=\"application\/ld+json\" class=\"yoast-schema-graph\">{\"@context\":\"https:\\\/\\\/schema.org\",\"@graph\":[{\"@type\":\"WebPage\",\"@id\":\"https:\\\/\\\/construchensfixglow.com\\\/\",\"url\":\"https:\\\/\\\/construchensfixglow.com\\\/\",\"name\":\"Inicio - Chens FixGlow S.L.\",\"isPartOf\":{\"@id\":\"https:\\\/\\\/construchensfixglow.com\\\/#website\"},\"primaryImageOfPage\":{\"@id\":\"https:\\\/\\\/construchensfixglow.com\\\/#primaryimage\"},\"image\":{\"@id\":\"https:\\\/\\\/construchensfixglow.com\\\/#primaryimage\"},\"thumbnailUrl\":\"https:\\\/\\\/construchensfixglow.com\\\/wp-content\\\/uploads\\\/2026\\\/03\\\/48c2bd54041ce28ed19b2093740c6175-David-Chen-1024x768.jpeg\",\"datePublished\":\"2026-03-17T10:32:16+00:00\",\"dateModified\":\"2026-03-18T09:22:47+00:00\",\"breadcrumb\":{\"@id\":\"https:\\\/\\\/construchensfixglow.com\\\/#breadcrumb\"},\"inLanguage\":\"en-GB\",\"potentialAction\":[{\"@type\":\"ReadAction\",\"target\":[\"https:\\\/\\\/construchensfixglow.com\\\/\"]}]},{\"@type\":\"ImageObject\",\"inLanguage\":\"en-GB\",\"@id\":\"https:\\\/\\\/construchensfixglow.com\\\/#primaryimage\",\"url\":\"https:\\\/\\\/construchensfixglow.com\\\/wp-content\\\/uploads\\\/2026\\\/03\\\/48c2bd54041ce28ed19b2093740c6175-David-Chen-1024x768.jpeg\",\"contentUrl\":\"https:\\\/\\\/construchensfixglow.com\\\/wp-content\\\/uploads\\\/2026\\\/03\\\/48c2bd54041ce28ed19b2093740c6175-David-Chen-1024x768.jpeg\"},{\"@type\":\"BreadcrumbList\",\"@id\":\"https:\\\/\\\/construchensfixglow.com\\\/#breadcrumb\",\"itemListElement\":[{\"@type\":\"ListItem\",\"position\":1,\"name\":\"Portada\",\"item\":\"https:\\\/\\\/construchensfixglow.com\\\/\"},{\"@type\":\"ListItem\",\"position\":2,\"name\":\"Inicio\"}]},{\"@type\":\"WebSite\",\"@id\":\"https:\\\/\\\/construchensfixglow.com\\\/#website\",\"url\":\"https:\\\/\\\/construchensfixglow.com\\\/\",\"name\":\"Chens FixGlow S.L.\",\"description\":\"\",\"publisher\":{\"@id\":\"https:\\\/\\\/construchensfixglow.com\\\/#organization\"},\"potentialAction\":[{\"@type\":\"SearchAction\",\"target\":{\"@type\":\"EntryPoint\",\"urlTemplate\":\"https:\\\/\\\/construchensfixglow.com\\\/?s={search_term_string}\"},\"query-input\":{\"@type\":\"PropertyValueSpecification\",\"valueRequired\":true,\"valueName\":\"search_term_string\"}}],\"inLanguage\":\"en-GB\"},{\"@type\":\"Organization\",\"@id\":\"https:\\\/\\\/construchensfixglow.com\\\/#organization\",\"name\":\"Chens FixGlow S.L.\",\"url\":\"https:\\\/\\\/construchensfixglow.com\\\/\",\"logo\":{\"@type\":\"ImageObject\",\"inLanguage\":\"en-GB\",\"@id\":\"https:\\\/\\\/construchensfixglow.com\\\/#\\\/schema\\\/logo\\\/image\\\/\",\"url\":\"https:\\\/\\\/construchensfixglow.com\\\/wp-content\\\/uploads\\\/2026\\\/03\\\/3591180c-0bdc-462d-a719-65a8c742df17-1.png\",\"contentUrl\":\"https:\\\/\\\/construchensfixglow.com\\\/wp-content\\\/uploads\\\/2026\\\/03\\\/3591180c-0bdc-462d-a719-65a8c742df17-1.png\",\"width\":498,\"height\":408,\"caption\":\"Chens FixGlow S.L.\"},\"image\":{\"@id\":\"https:\\\/\\\/construchensfixglow.com\\\/#\\\/schema\\\/logo\\\/image\\\/\"}}]}<\/script>\n<!-- \/ Yoast SEO plugin. -->","yoast_head_json":{"title":"Inicio - Chens FixGlow S.L.","robots":{"index":"index","follow":"follow","max-snippet":"max-snippet:-1","max-image-preview":"max-image-preview:large","max-video-preview":"max-video-preview:-1"},"canonical":"https:\/\/construchensfixglow.com\/en\/","og_locale":"en_GB","og_type":"article","og_title":"Inicio - Chens FixGlow S.L.","og_description":"Chens FixGlow S.L. Especialistas en reparaci\u00f3n de cer\u00e1mica, encimeras, ba\u00f1os y reformas en general. Nuestra historia En Chensfixglow Construchen somos una empresa familiar con a\u00f1os de experiencia en el sector de la construcci\u00f3n y las reparaciones del hogar. Nacimos con el objetivo de ofrecer un servicio cercano, profesional y de calidad, centrado en resolver las [&hellip;]","og_url":"https:\/\/construchensfixglow.com\/en\/","og_site_name":"Chens FixGlow S.L.","article_modified_time":"2026-03-18T09:22:47+00:00","og_image":[{"url":"https:\/\/construchensfixglow.com\/wp-content\/uploads\/2026\/03\/48c2bd54041ce28ed19b2093740c6175-David-Chen-1024x768.jpeg","type":"","width":"","height":""}],"twitter_card":"summary_large_image","twitter_misc":{"Estimated reading time":"2 minutes"},"schema":{"@context":"https:\/\/schema.org","@graph":[{"@type":"WebPage","@id":"https:\/\/construchensfixglow.com\/","url":"https:\/\/construchensfixglow.com\/","name":"Inicio - Chens FixGlow S.L.","isPartOf":{"@id":"https:\/\/construchensfixglow.com\/#website"},"primaryImageOfPage":{"@id":"https:\/\/construchensfixglow.com\/#primaryimage"},"image":{"@id":"https:\/\/construchensfixglow.com\/#primaryimage"},"thumbnailUrl":"https:\/\/construchensfixglow.com\/wp-content\/uploads\/2026\/03\/48c2bd54041ce28ed19b2093740c6175-David-Chen-1024x768.jpeg","datePublished":"2026-03-17T10:32:16+00:00","dateModified":"2026-03-18T09:22:47+00:00","breadcrumb":{"@id":"https:\/\/construchensfixglow.com\/#breadcrumb"},"inLanguage":"en-GB","potentialAction":[{"@type":"ReadAction","target":["https:\/\/construchensfixglow.com\/"]}]},{"@type":"ImageObject","inLanguage":"en-GB","@id":"https:\/\/construchensfixglow.com\/#primaryimage","url":"https:\/\/construchensfixglow.com\/wp-content\/uploads\/2026\/03\/48c2bd54041ce28ed19b2093740c6175-David-Chen-1024x768.jpeg","contentUrl":"https:\/\/construchensfixglow.com\/wp-content\/uploads\/2026\/03\/48c2bd54041ce28ed19b2093740c6175-David-Chen-1024x768.jpeg"},{"@type":"BreadcrumbList","@id":"https:\/\/construchensfixglow.com\/#breadcrumb","itemListElement":[{"@type":"ListItem","position":1,"name":"Portada","item":"https:\/\/construchensfixglow.com\/"},{"@type":"ListItem","position":2,"name":"Inicio"}]},{"@type":"WebSite","@id":"https:\/\/construchensfixglow.com\/#website","url":"https:\/\/construchensfixglow.com\/","name":"Chens FixGlow S.L.","description":"","publisher":{"@id":"https:\/\/construchensfixglow.com\/#organization"},"potentialAction":[{"@type":"SearchAction","target":{"@type":"EntryPoint","urlTemplate":"https:\/\/construchensfixglow.com\/?s={search_term_string}"},"query-input":{"@type":"PropertyValueSpecification","valueRequired":true,"valueName":"search_term_string"}}],"inLanguage":"en-GB"},{"@type":"Organization","@id":"https:\/\/construchensfixglow.com\/#organization","name":"Chens FixGlow S.L.","url":"https:\/\/construchensfixglow.com\/","logo":{"@type":"ImageObject","inLanguage":"en-GB","@id":"https:\/\/construchensfixglow.com\/#\/schema\/logo\/image\/","url":"https:\/\/construchensfixglow.com\/wp-content\/uploads\/2026\/03\/3591180c-0bdc-462d-a719-65a8c742df17-1.png","contentUrl":"https:\/\/construchensfixglow.com\/wp-content\/uploads\/2026\/03\/3591180c-0bdc-462d-a719-65a8c742df17-1.png","width":498,"height":408,"caption":"Chens FixGlow S.L."},"image":{"@id":"https:\/\/construchensfixglow.com\/#\/schema\/logo\/image\/"}}]}},"_links":{"self":[{"href":"https:\/\/construchensfixglow.com\/en\/wp-json\/wp\/v2\/pages\/13","targetHints":{"allow":["GET"]}}],"collection":[{"href":"https:\/\/construchensfixglow.com\/en\/wp-json\/wp\/v2\/pages"}],"about":[{"href":"https:\/\/construchensfixglow.com\/en\/wp-json\/wp\/v2\/types\/page"}],"author":[{"embeddable":true,"href":"https:\/\/construchensfixglow.com\/en\/wp-json\/wp\/v2\/users\/1"}],"replies":[{"embeddable":true,"href":"https:\/\/construchensfixglow.com\/en\/wp-json\/wp\/v2\/comments?post=13"}],"version-history":[{"count":133,"href":"https:\/\/construchensfixglow.com\/en\/wp-json\/wp\/v2\/pages\/13\/revisions"}],"predecessor-version":[{"id":570,"href":"https:\/\/construchensfixglow.com\/en\/wp-json\/wp\/v2\/pages\/13\/revisions\/570"}],"wp:attachment":[{"href":"https:\/\/construchensfixglow.com\/en\/wp-json\/wp\/v2\/media?parent=13"}],"curies":[{"name":"wp","href":"https:\/\/api.w.org\/{rel}","templated":true}]}}